{"id":776,"date":"2021-05-10T22:08:02","date_gmt":"2021-05-11T03:08:02","guid":{"rendered":"https:\/\/unicancercali.org\/intranet\/?page_id=776"},"modified":"2021-05-11T17:17:38","modified_gmt":"2021-05-11T22:17:38","slug":"bienvenidos","status":"publish","type":"page","link":"https:\/\/unicancercali.org\/intranet\/bienvenidos\/","title":{"rendered":"Bienvenidos"},"content":{"rendered":"\n<h4><span style=\"color: #3366ff;\">Este espacio est\u00e1 reservado para atender sus solicitudes de ayuda y soporte en el \u00e1rea de las T.I.C Tecnolog\u00edas de la Informaci\u00f3n y la Comunicaci\u00f3n.<\/span><\/h4>\n","protected":false},"excerpt":{"rendered":"<p>Este espacio est\u00e1 reservado para atender sus solicitudes de ayuda y soporte en el \u00e1rea de las T.I.C Tecnolog\u00edas de la Informaci\u00f3n y la Comunicaci\u00f3n.<\/p>\n","protected":false},"author":84,"featured_media":781,"parent":0,"menu_order":0,"comment_status":"closed","ping_status":"closed","template":"","meta":{"footnotes":""},"class_list":["post-776","page","type-page","status-publish","has-post-thumbnail","hentry","clearfix"],"_links":{"self":[{"href":"https:\/\/unicancercali.org\/intranet\/wp-json\/wp\/v2\/pages\/776","targetHints":{"allow":["GET"]}}],"collection":[{"href":"https:\/\/unicancercali.org\/intranet\/wp-json\/wp\/v2\/pages"}],"about":[{"href":"https:\/\/unicancercali.org\/intranet\/wp-json\/wp\/v2\/types\/page"}],"author":[{"embeddable":true,"href":"https:\/\/unicancercali.org\/intranet\/wp-json\/wp\/v2\/users\/84"}],"replies":[{"embeddable":true,"href":"https:\/\/unicancercali.org\/intranet\/wp-json\/wp\/v2\/comments?post=776"}],"version-history":[{"count":7,"href":"https:\/\/unicancercali.org\/intranet\/wp-json\/wp\/v2\/pages\/776\/revisions"}],"predecessor-version":[{"id":845,"href":"https:\/\/unicancercali.org\/intranet\/wp-json\/wp\/v2\/pages\/776\/revisions\/845"}],"wp:featuredmedia":[{"embeddable":true,"href":"https:\/\/unicancercali.org\/intranet\/wp-json\/wp\/v2\/media\/781"}],"wp:attachment":[{"href":"https:\/\/unicancercali.org\/intranet\/wp-json\/wp\/v2\/media?parent=776"}],"curies":[{"name":"wp","href":"https:\/\/api.w.org\/{rel}","templated":true}]}}